{"id":9,"date":"2015-12-15T07:37:33","date_gmt":"2015-12-15T07:37:33","guid":{"rendered":"http:\/\/consulting.stylemixthemes.com\/?page_id=9"},"modified":"2026-02-02T02:53:10","modified_gmt":"2026-02-02T02:53:10","slug":"company-overview","status":"publish","type":"page","link":"https:\/\/www.mdwcc.com\/vi\/company-overview\/","title":{"rendered":"T\u1ed5ng quan v\u1ec1 c\u00f4ng ty"},"content":{"rendered":"<div data-elementor-type=\"wp-page\" data-elementor-id=\"9\" class=\"elementor elementor-9\">\n\t\t\t\t\t\t<section class=\"elementor-section elementor-top-section elementor-element elementor-element-076e069 elementor-section-boxed elementor-section-height-default elementor-section-height-default\" data-id=\"076e069\" data-element_type=\"section\" data-settings=\"{&quot;background_background&quot;:&quot;classic&quot;}\">\n\t\t\t\t\t\t<div class=\"elementor-container elementor-column-gap-default\">\n\t\t\t\t\t<div class=\"elementor-column elementor-col-100 elementor-top-column elementor-element elementor-element-076e78b\" data-id=\"076e78b\" data-element_type=\"column\">\n\t\t\t<div class=\"elementor-widget-wrap elementor-element-populated\">\n\t\t\t\t\t\t<div class=\"elementor-element elementor-element-076edc3 elementor-widget elementor-widget-text-editor\" data-id=\"076edc3\" data-element_type=\"widget\" data-widget_type=\"text-editor.default\">\n\t\t\t\t\t\t\t\t\t<h2>T\u1ed5ng quan v\u1ec1 c\u00f4ng ty<\/h2>\n<p>ACE Markets chuy\u00ean v\u1ec1 giao d\u1ecbch t\u00e0i ch\u00ednh \u0111a d\u1ea1ng, cam k\u1ebft mang \u0111\u1ebfn nhi\u1ec1u c\u01a1 h\u1ed9i giao d\u1ecbch cho ng\u01b0\u1eddi d\u00f9ng. Ch\u00fang t\u00f4i cung c\u1ea5p n\u1ed9i dung v\u00e0 d\u1ecbch v\u1ee5 chuy\u00ean nghi\u1ec7p nh\u01b0 chi\u1ebfn l\u01b0\u1ee3c giao d\u1ecbch v\u00e0 qu\u1ea3n l\u00fd r\u1ee7i ro \u0111\u1ec3 gi\u00fap ng\u01b0\u1eddi d\u00f9ng \u0111\u01b0a ra quy\u1ebft \u0111\u1ecbnh s\u00e1ng su\u1ed1t.<\/p>\n\t\t\t\t\t\t\t\t<\/div>\n\t\t\t\t<div class=\"elementor-element elementor-element-516a2f9 elementor-widget elementor-widget-image\" data-id=\"516a2f9\" data-element_type=\"widget\" data-widget_type=\"image.default\">\n\t\t\t\t\t\t\t\t\t\t\t\t\t\t\t<img fetchpriority=\"high\" decoding=\"async\" width=\"1024\" height=\"768\" src=\"https:\/\/www.mdwcc.com\/wp-content\/uploads\/2025\/08\/events-2-4.jpg\" class=\"attachment-large size-large wp-image-7229\" alt=\"\" \/>\t\t\t\t\t\t\t\t\t\t\t\t\t\t\t<\/div>\n\t\t\t\t<div class=\"elementor-element elementor-element-076f028 elementor-widget elementor-widget-text-editor\" data-id=\"076f028\" data-element_type=\"widget\" data-widget_type=\"text-editor.default\">\n\t\t\t\t\t\t\t\t\t<blockquote><p>Nh\u1eafm m\u1ee5c ti\u00eau \u0111\u1ebfn \u0111\u1ed1i t\u01b0\u1ee3ng chuy\u00ean nghi\u1ec7p nh\u01b0 nh\u00e0 \u0111\u1ea7u t\u01b0 t\u00e0i ch\u00ednh v\u00e0 chi\u1ebfn l\u01b0\u1ee3c gia giao d\u1ecbch, n\u1ec1n t\u1ea3ng n\u00e0y kh\u00f4ng ch\u1ec9 gi\u1ea3i quy\u1ebft nh\u1eefng \u0111i\u1ec3m kh\u00f3 kh\u0103n trong c\u00e1c d\u1ecbch v\u1ee5 truy\u1ec1n th\u1ed1ng th\u00f4ng qua c\u00e1c chi\u1ebfn l\u01b0\u1ee3c t\u1ed1i \u01b0u h\u00f3a c\u00f3 h\u1ec7 th\u1ed1ng m\u00e0 c\u00f2n \u0111\u1ecbnh ngh\u0129a l\u1ea1i ti\u00eau chu\u1ea9n c\u1ee7a ng\u00e0nh v\u1ec1 \"l\u1ea5y kh\u00e1ch h\u00e0ng l\u00e0m trung t\u00e2m\".<\/p><\/blockquote>\n\t\t\t\t\t\t\t\t<\/div>\n\t\t\t\t<section class=\"elementor-section elementor-top-section elementor-element elementor-element-076f23a elementor-section-boxed elementor-section-height-default elementor-section-height-default\" data-id=\"076f23a\" data-element_type=\"section\" data-settings=\"{&quot;background_background&quot;:&quot;gradient&quot;}\">\n\t\t\t\t\t\t<div class=\"elementor-container elementor-column-gap-default\">\n\t\t\t\t\t<div class=\"elementor-column elementor-col-100 elementor-top-column elementor-element elementor-element-076f67c\" data-id=\"076f67c\" data-element_type=\"column\">\n\t\t\t<div class=\"elementor-widget-wrap elementor-element-populated\">\n\t\t\t\t\t\t<div class=\"elementor-element elementor-element-076fb4b elementor-widget elementor-widget-vc_custom_heading\" data-id=\"076fb4b\" data-element_type=\"widget\" data-widget_type=\"vc_custom_heading.default\">\n\t\t\t\t<div class=\"elementor-widget-container\">\n\t\t\t\t\t<div class=\"vc_custom_heading no_stripe consulting_heading_font  text_align_left\" ><h4 style=\"color: #222222;text-align: left;font-weight:700\" class=\"consulting-custom-title\">S\u1ee9 m\u1ec7nh c\u1ee7a ch\u00fang t\u00f4i\n<\/h4><\/div>\t\t\t\t<\/div>\n\t\t\t\t<\/div>\n\t\t\t\t<div class=\"elementor-element elementor-element-076ffbf elementor-widget elementor-widget-text-editor\" data-id=\"076ffbf\" data-element_type=\"widget\" data-widget_type=\"text-editor.default\">\n\t\t\t\t\t\t\t\t\t<p>C\u00e1c ch\u01b0\u01a1ng tr\u00ecnh giao d\u1ecbch chuy\u00ean nghi\u1ec7p c\u1ee7a ch\u00fang t\u00f4i s\u1ebd gi\u00fap b\u1ea1n:<\/p>\n<ul>\n<li>\u0110\u01b0a ra quy\u1ebft \u0111\u1ecbnh s\u00e1ng su\u1ed1t tr\u00ean th\u1ecb tr\u01b0\u1eddng v\u00e0ng v\u00e0 ngo\u1ea1i h\u1ed1i<\/li>\n<li>T\u1ed1i \u0111a h\u00f3a l\u1ee3i nhu\u1eadn trong khi qu\u1ea3n l\u00fd r\u1ee7i ro hi\u1ec7u qu\u1ea3<\/li>\n<li>Truy c\u1eadp th\u00f4ng tin chi ti\u1ebft v\u00e0 ph\u00e2n t\u00edch th\u1ecb tr\u01b0\u1eddng theo th\u1eddi gian th\u1ef1c<\/li>\n<li>Th\u1ef1c hi\u1ec7n giao d\u1ecbch nhanh ch\u00f3ng v\u00e0 t\u1ef1 tin<\/li>\n<li>T\u1ed1i \u01b0u h\u00f3a danh m\u1ee5c \u0111\u1ea7u t\u01b0 c\u1ee7a b\u1ea1n \u0111\u1ec3 t\u0103ng tr\u01b0\u1edfng d\u00e0i h\u1ea1n<\/li>\n<li>Nh\u1eadn h\u01b0\u1edbng d\u1eabn c\u00e1 nh\u00e2n t\u1eeb c\u00e1c nh\u00e0 giao d\u1ecbch gi\u00e0u kinh nghi\u1ec7m<\/li>\n<\/ul>\n\t\t\t\t\t\t\t\t<\/div>\n\t\t\t\t\t<\/div>\n\t\t<\/div>\n\t\t\t\t\t<\/div>\n\t\t<\/section>\n\t\t\t\t\t<\/div>\n\t\t<\/div>\n\t\t\t\t<div class=\"elementor-column elementor-col-25 elementor-top-column elementor-element elementor-element-0770e06 elementor-hidden-tablet elementor-hidden-phone\" data-id=\"0770e06\" data-element_type=\"column\">\n\t\t\t<div class=\"elementor-widget-wrap elementor-element-populated\">\n\t\t\t\t\t\t<div class=\"elementor-element elementor-element-07712ce elementor-widget elementor-widget-stm_sidebar\" data-id=\"07712ce\" data-element_type=\"widget\" data-widget_type=\"stm_sidebar.default\">\n\t\t\t\t<div class=\"elementor-widget-container\">\n\t\t\t\t\t\n<div class=\"stm_sidebar consulting_elementor_sidebar\">\n\n            \t\t<div data-elementor-type=\"wp-post\" data-elementor-id=\"311\" class=\"elementor elementor-311\">\n\t\t\t\t\t\t<section class=\"elementor-section elementor-top-section elementor-element elementor-element-e0ad97a elementor-section-boxed elementor-section-height-default elementor-section-height-default\" data-id=\"e0ad97a\" data-element_type=\"section\" data-settings=\"{&quot;background_background&quot;:&quot;classic&quot;}\">\n\t\t\t\t\t\t<div class=\"elementor-container elementor-column-gap-default\">\n\t\t\t\t\t<div class=\"elementor-column elementor-col-100 elementor-top-column elementor-element elementor-element-e0ade1b\" data-id=\"e0ade1b\" data-element_type=\"column\">\n\t\t\t<div class=\"elementor-widget-wrap elementor-element-populated\">\n\t\t\t\t\t\t<div class=\"elementor-element elementor-element-e0ae2db mb-30 elementor-widget elementor-widget-wp-widget-nav_menu\" data-id=\"e0ae2db\" data-element_type=\"widget\" data-widget_type=\"wp-widget-nav_menu.default\">\n\t\t\t\t<div class=\"elementor-widget-container\">\n\t\t\t\t\t<aside class='widget widget_nav_menu'><div class=\"menu-main-menu-container\"><ul id=\"menu-main-menu\" class=\"menu\"><li id=\"menu-item-7009\" class=\"menu-item menu-item-type-post_type menu-item-object-page menu-item-home menu-item-7009\"><a href=\"https:\/\/www.mdwcc.com\/vi\/\">trang ch\u1ee7<\/a><\/li>\n<li id=\"menu-item-7547\" class=\"menu-item menu-item-type-taxonomy menu-item-object-category menu-item-7547\"><a href=\"https:\/\/www.mdwcc.com\/vi\/category\/featured-solutions\/\">Gi\u1ea3i ph\u00e1p n\u1ed5i b\u1eadt<\/a><\/li>\n<li id=\"menu-item-7548\" class=\"menu-item menu-item-type-taxonomy menu-item-object-category menu-item-7548\"><a href=\"https:\/\/www.mdwcc.com\/vi\/category\/financial-news\/\">Tin t\u1ee9c t\u00e0i ch\u00ednh<\/a><\/li>\n<li id=\"menu-item-8587\" class=\"menu-item menu-item-type-taxonomy menu-item-object-category menu-item-8587\"><a href=\"https:\/\/www.mdwcc.com\/vi\/category\/tutorial\/\">H\u01b0\u1edbng d\u1eabn<\/a><\/li>\n<li id=\"menu-item-7014\" class=\"menu-item menu-item-type-post_type menu-item-object-page menu-item-7014\"><a href=\"https:\/\/www.mdwcc.com\/vi\/company-overview\/\">v\u1ec1 ch\u00fang t\u00f4i<\/a><\/li>\n<li id=\"menu-item-7029\" class=\"menu-item menu-item-type-post_type menu-item-object-page menu-item-7029\"><a href=\"https:\/\/www.mdwcc.com\/vi\/contact-us\/\">li\u00ean h\u1ec7<\/a><\/li>\n<\/ul><\/div><\/aside>\t\t\t\t<\/div>\n\t\t\t\t<\/div>\n\t\t\t\t<div class=\"elementor-element elementor-element-e0aeb70 elementor-align-left elementor-widget elementor-widget-button\" data-id=\"e0aeb70\" data-element_type=\"widget\" data-widget_type=\"button.default\">\n\t\t\t\t\t\t\t\t\t\t<a class=\"elementor-button elementor-button-link elementor-size-lg\" href=\"#\">\n\t\t\t\t\t\t<span class=\"elementor-button-content-wrapper\">\n\t\t\t\t\t\t<span class=\"elementor-button-icon\">\n\t\t\t\t<i aria-hidden=\"true\" class=\"fa fa-file-pdf-o\"><\/i>\t\t\t<\/span>\n\t\t\t\t\t\t\t\t\t<span class=\"elementor-button-text\">B\u00e0i thuy\u1ebft tr\u00ecnh c\u1ee7a c\u00f4ng ty<\/span>\n\t\t\t\t\t<\/span>\n\t\t\t\t\t<\/a>\n\t\t\t\t\t\t\t\t<\/div>\n\t\t\t\t\t<\/div>\n\t\t<\/div>\n\t\t\t\t\t<\/div>\n\t\t<\/section>\n\t\t\t\t<section class=\"elementor-section elementor-top-section elementor-element elementor-element-e0b05d8 third_bg_color elementor-section-boxed elementor-section-height-default elementor-section-height-default\" data-id=\"e0b05d8\" data-element_type=\"section\" data-settings=\"{&quot;background_background&quot;:&quot;classic&quot;}\">\n\t\t\t\t\t\t<div class=\"elementor-container elementor-column-gap-default\">\n\t\t\t\t\t<div class=\"elementor-column elementor-col-100 elementor-top-column elementor-element elementor-element-e0b0bf2\" data-id=\"e0b0bf2\" data-element_type=\"column\" data-settings=\"{&quot;background_background&quot;:&quot;classic&quot;}\">\n\t\t\t<div class=\"elementor-widget-wrap elementor-element-populated\">\n\t\t\t\t\t\t<div class=\"elementor-element elementor-element-e0b1229 elementor-widget elementor-widget-vc_custom_heading\" data-id=\"e0b1229\" data-element_type=\"widget\" data-widget_type=\"vc_custom_heading.default\">\n\t\t\t\t<div class=\"elementor-widget-container\">\n\t\t\t\t\t<div class=\"vc_custom_heading  consulting_heading_font  text_align_left\" ><div style=\"font-size: 16px;color: #222222;text-align: left;font-weight:700\" class=\"consulting-custom-title\">ch\u00fang t\u00f4i c\u00f3 th\u1ec3 gi\u00fap g\u00ec cho b\u1ea1n?\n<\/div><\/div>\t\t\t\t<\/div>\n\t\t\t\t<\/div>\n\t\t\t\t<div class=\"elementor-element elementor-element-e0b16f7 elementor-widget elementor-widget-text-editor\" data-id=\"e0b16f7\" data-element_type=\"widget\" data-widget_type=\"text-editor.default\">\n\t\t\t\t\t\t\t\t\t<p>H\u00e3y li\u00ean h\u1ec7 v\u1edbi ch\u00fang t\u00f4i t\u1ea1i v\u0103n ph\u00f2ng Ace Markets g\u1ea7n nh\u1ea5t ho\u1eb7c g\u1eedi y\u00eau c\u1ea7u t\u01b0 v\u1ea5n kinh doanh tr\u1ef1c tuy\u1ebfn.<\/p>\n\t\t\t\t\t\t\t\t<\/div>\n\t\t\t\t<div class=\"elementor-element elementor-element-e0b1dab elementor-widget__width-auto elementor-widget elementor-widget-button\" data-id=\"e0b1dab\" data-element_type=\"widget\" data-widget_type=\"button.default\">\n\t\t\t\t\t\t\t\t\t\t<a class=\"elementor-button elementor-button-link elementor-size-sm\" href=\"#\">\n\t\t\t\t\t\t<span class=\"elementor-button-content-wrapper\">\n\t\t\t\t\t\t<span class=\"elementor-button-icon\">\n\t\t\t\t<i aria-hidden=\"true\" class=\"fa fa-phone-square\"><\/i>\t\t\t<\/span>\n\t\t\t\t\t\t\t\t\t<span class=\"elementor-button-text\">li\u00ean h\u1ec7<\/span>\n\t\t\t\t\t<\/span>\n\t\t\t\t\t<\/a>\n\t\t\t\t\t\t\t\t<\/div>\n\t\t\t\t\t<\/div>\n\t\t<\/div>\n\t\t\t\t\t<\/div>\n\t\t<\/section>\n\t\t\t\t<section class=\"elementor-section elementor-top-section elementor-element elementor-element-e0b2a6d elementor-section-boxed elementor-section-height-default elementor-section-height-default\" data-id=\"e0b2a6d\" data-element_type=\"section\">\n\t\t\t\t\t\t<div class=\"elementor-container elementor-column-gap-default\">\n\t\t\t\t\t<div class=\"elementor-column elementor-col-100 elementor-top-column elementor-element elementor-element-e0b34f3\" data-id=\"e0b34f3\" data-element_type=\"column\">\n\t\t\t<div class=\"elementor-widget-wrap elementor-element-populated\">\n\t\t\t\t\t\t<div class=\"elementor-element elementor-element-e0b39e7 elementor-widget elementor-widget-stm_testimonials\" data-id=\"e0b39e7\" data-element_type=\"widget\" data-widget_type=\"stm_testimonials.default\">\n\t\t\t\t<div class=\"elementor-widget-container\">\n\t\t\t\t\t\n\n\t\t\t<div class=\"stm_testimonials consulting_elementor_testimonials style_1\">\n\t\t\t\t\t\t\t<div class=\"item\">\n\t\t\t\t\t<div class=\"testimonial\"><p>\u0110\u1ed9i ng\u0169 l\u00e3nh \u0111\u1ea1o c\u1ee7a ch\u00fang t\u00f4i c\u00f3 nhi\u1ec1u th\u1eadp k\u1ef7 kinh nghi\u1ec7m trong th\u1ecb tr\u01b0\u1eddng ch\u1ee9ng kho\u00e1n, v\u00e0ng v\u00e0 ngo\u1ea1i h\u1ed1i, cung c\u1ea5p c\u00e1c chi\u1ebfn l\u01b0\u1ee3c giao d\u1ecbch chuy\u00ean nghi\u1ec7p, ph\u00e2n t\u00edch th\u1ecb tr\u01b0\u1eddng chuy\u00ean s\u00e2u v\u00e0 c\u00e1c gi\u1ea3i ph\u00e1p qu\u1ea3n l\u00fd r\u1ee7i ro m\u1ea1nh m\u1ebd \u0111\u1ec3 gi\u00fap kh\u00e1ch h\u00e0ng \u0111\u1ea1t \u0111\u01b0\u1ee3c l\u1ee3i nhu\u1eadn t\u1ed1i \u01b0u.<\/p>\n<\/div>\n\t\t\t\t\t<div class=\"testimonial-info clearfix\">\n\t\t\t\t\t\t<div class=\"testimonial-image\"><img decoding=\"async\" width=\"50\" height=\"50\" src=\"https:\/\/www.mdwcc.com\/wp-content\/uploads\/2025\/08\/testimonials-1-4.jpg\" class=\"attachment-consulting-image-50x50-croped size-consulting-image-50x50-croped wp-post-image\" alt=\"\" srcset=\"https:\/\/www.mdwcc.com\/wp-content\/uploads\/2025\/08\/testimonials-1-4.jpg 360w, https:\/\/www.mdwcc.com\/wp-content\/uploads\/2025\/08\/testimonials-1-4-150x150.jpg 150w\" sizes=\"(max-width: 50px) 100vw, 50px\" \/><\/div>\n\t\t\t\t\t\t<div class=\"testimonial-text\">\n\t\t\t\t\t\t\t<div class=\"name\">Donald Simpson<\/div>\n\t\t\t\t\t\t\t<div class=\"company\">\n\t\t\t\t\t\t\tCh\u1ee7 t\u1ecbch, Gi\u00e1m \u0111\u1ed1c Th\u01b0\u01a1ng m\u1ea1i\t\t\t\t\t\t\t<\/div>\n\t\t\t\t\t\t<\/div>\n\t\t\t\t\t<\/div>\n\t\t\t\t<\/div>\n\t\t\t\t\t<\/div>\n\t\n\t\t\t\t\t<\/div>\n\t\t\t\t<\/div>\n\t\t\t\t\t<\/div>\n\t\t<\/div>\n\t\t\t\t\t<\/div>\n\t\t<\/section>\n\t\t\t\t<\/div>\n\t\t    \n<\/div>\t\t\t\t<\/div>\n\t\t\t\t<\/div>\n\t\t\t\t\t<\/div>\n\t\t<\/div>\n\t\t\t\t\t<\/div>\n\t\t<\/section>\n\t\t\t\t<section class=\"elementor-section elementor-top-section elementor-element elementor-element-07713df third_bg_color elementor-section-boxed elementor-section-height-default elementor-section-height-default\" data-id=\"07713df\" data-element_type=\"section\" data-settings=\"{&quot;background_background&quot;:&quot;classic&quot;}\">\n\t\t\t\t\t\t<div class=\"elementor-container elementor-column-gap-default\">\n\t\t\t\t\t<div class=\"elementor-column elementor-col-100 elementor-top-column elementor-element elementor-element-0771a01\" data-id=\"0771a01\" data-element_type=\"column\">\n\t\t\t<div class=\"elementor-widget-wrap elementor-element-populated\">\n\t\t\t\t\t\t<div class=\"elementor-element elementor-element-0771d81 elementor-widget elementor-widget-vc_cta\" data-id=\"0771d81\" data-element_type=\"widget\" data-widget_type=\"vc_cta.default\">\n\t\t\t\t<div class=\"elementor-widget-container\">\n\t\t\t\t\t\n<div class=\"ce_cta ce_cta_312593583897f1dd7f2fdd7142df59a4 ce_text_left third_bg_color add_button_right btn_align_right btn_button_block_true btn_has_icon btn_has_icon_on_the_right\" id=\"\">\n\t<div class=\"ce_cta__content\">\n\t\t<div class=\"ce_cta__content__header\">\n\t\t\t<h2  class='ce_cta__content__title'>N\u00f3i chuy\u1ec7n v\u1edbi c\u00e1c chuy\u00ean gia giao d\u1ecbch c\u1ee7a ch\u00fang t\u00f4i ngay h\u00f4m nay<\/h2>\t\t<\/div>\n\t\t\t<\/div>\n\n\t\t<div class=\"ce_cta__action\">\n\t\t<a\n\t\t\thref=\"#\"\n\t\t\t\t\t\ttarget=\"_self\"\n\t\t\tclass=\"button\">\n\t\t\t<span>nh\u1eadn b\u00e1o gi\u00e1<\/span>\n\t\t\t\t\t\t<i class=\"fa fa-chevron-right\"><\/i>\n\t\t\t\t\t<\/a>\n\t<\/div>\n\t<\/div>\n\t\t\t\t<\/div>\n\t\t\t\t<\/div>\n\t\t\t\t\t<\/div>\n\t\t<\/div>\n\t\t\t\t\t<\/div>\n\t\t<\/section>\n\t\t\t\t<\/div>","protected":false},"excerpt":{"rendered":"<p>T\u1ed5ng quan v\u1ec1 c\u00f4ng ty ACE Markets chuy\u00ean v\u1ec1 giao d\u1ecbch t\u00e0i ch\u00ednh \u0111a d\u1ea1ng, cam k\u1ebft m\u1edf ra c\u01a1 h\u1ed9i giao d\u1ecbch phong ph\u00fa cho ng\u01b0\u1eddi d\u00f9ng. Ch\u00fang t\u00f4i cung c\u1ea5p n\u1ed9i dung v\u00e0 d\u1ecbch v\u1ee5 chuy\u00ean nghi\u1ec7p nh\u01b0 chi\u1ebfn l\u01b0\u1ee3c giao d\u1ecbch v\u00e0 qu\u1ea3n l\u00fd r\u1ee7i ro \u0111\u1ec3 gi\u00fap ng\u01b0\u1eddi d\u00f9ng \u0111\u01b0a ra quy\u1ebft \u0111\u1ecbnh s\u00e1ng su\u1ed1t. Nh\u1eafm m\u1ee5c ti\u00eau v\u00e0o \u0111\u1ed1i t\u01b0\u1ee3ng chuy\u00ean nghi\u1ec7p nh\u01b0 nh\u00e0 \u0111\u1ea7u t\u01b0 t\u00e0i ch\u00ednh v\u00e0 chi\u1ebfn l\u01b0\u1ee3c gia giao d\u1ecbch, n\u1ec1n t\u1ea3ng n\u00e0y kh\u00f4ng ch\u1ec9 gi\u1ea3i quy\u1ebft c\u00e1c \u0111i\u1ec3m y\u1ebfu trong<\/p>","protected":false},"author":1,"featured_media":0,"parent":0,"menu_order":0,"comment_status":"closed","ping_status":"closed","template":"","meta":{"om_disable_all_campaigns":false,"_monsterinsights_skip_tracking":false,"_monsterinsights_sitenote_active":false,"_monsterinsights_sitenote_note":"","_monsterinsights_sitenote_category":0,"footnotes":""},"class_list":["post-9","page","type-page","status-publish","hentry"],"aioseo_notices":[],"_links":{"self":[{"href":"https:\/\/www.mdwcc.com\/vi\/wp-json\/wp\/v2\/pages\/9","targetHints":{"allow":["GET"]}}],"collection":[{"href":"https:\/\/www.mdwcc.com\/vi\/wp-json\/wp\/v2\/pages"}],"about":[{"href":"https:\/\/www.mdwcc.com\/vi\/wp-json\/wp\/v2\/types\/page"}],"author":[{"embeddable":true,"href":"https:\/\/www.mdwcc.com\/vi\/wp-json\/wp\/v2\/users\/1"}],"replies":[{"embeddable":true,"href":"https:\/\/www.mdwcc.com\/vi\/wp-json\/wp\/v2\/comments?post=9"}],"version-history":[{"count":13,"href":"https:\/\/www.mdwcc.com\/vi\/wp-json\/wp\/v2\/pages\/9\/revisions"}],"predecessor-version":[{"id":9083,"href":"https:\/\/www.mdwcc.com\/vi\/wp-json\/wp\/v2\/pages\/9\/revisions\/9083"}],"wp:attachment":[{"href":"https:\/\/www.mdwcc.com\/vi\/wp-json\/wp\/v2\/media?parent=9"}],"curies":[{"name":"wp","href":"https:\/\/api.w.org\/{rel}","templated":true}]}}